{"id":255,"date":"2021-09-04T03:10:36","date_gmt":"2021-09-04T03:10:36","guid":{"rendered":"https:\/\/barquilloscarnaval.cl\/w\/?page_id=255"},"modified":"2021-09-04T03:14:12","modified_gmt":"2021-09-04T03:14:12","slug":"quienes-somos","status":"publish","type":"page","link":"https:\/\/barquilloscarnaval.cl\/w\/quienes-somos\/","title":{"rendered":"Quienes somos"},"content":{"rendered":"<!--themify_builder_content-->\n<div id=\"themify_builder_content-255\" data-postid=\"255\" class=\"themify_builder_content themify_builder_content-255 themify_builder tf_clear\">\n    \t<!-- module_row -->\n\t<div  data-lazy=\"1\" class=\"module_row themify_builder_row tb_j2uh209 tb_first tf_clearfix\">\n\t    \t\t<div class=\"row_inner col_align_top col-count-1 tf_box tf_w tf_rel\">\n\t\t\t<div  data-lazy=\"1\" class=\"module_column tb-column col-full first tb_cwy1211 tf_box\">\n\t\t\t    \t        <div class=\"tb-column-inner tf_box tf_w\">\n\t\t    <!-- module text -->\n<div  class=\"module module-text tb_dmgb956   \" data-lazy=\"1\">\n        <div  class=\"tb_text_wrap\">\n    <p>Productora de Alimentos Ni\u00f1ito Ltda nace aproximadamente hace 40 a\u00f1os, en el a\u00f1o 1980, 2 personas que quer\u00edan lograr prosperidad y poder contribuir en el empleo de personas en esos a\u00f1os.<\/p>\n<p>La empresa estuvo en las manos de dicha pareja por mas de 15 a\u00f1os, hasta que, por fallecimiento de uno de sus fundadores, la pareja se retira y vende la empresa, la cual es comprada por un empresario del sur de Chile, estuvo pocos a\u00f1os en la empresa, ya que por la lejan\u00eda para controlar la empresa, le impidi\u00f3 seguir en ella.<\/p>\n<p>En ese momento, a\u00f1o 2001, la empresa comienza a ser controlada por Don Luis Barahona y Don Carlos Espinoza, que siguen siendo sus due\u00f1os hasta el dia de hoy.<\/p>\n<p>Hoy dia, Productora de Alimentos Ni\u00f1ito Ltda, se ha posicionado en los mercados de Chile, siendo un apoyo para los nuevos emprendedores con sus productos estrella que son los conos para helado y vainas de cuchufli, en especial el cono econ\u00f3mico o primavera que se utiliza para la elaboraci\u00f3n de helados de invierno, siendo uno de los mayores productores de Santiago, adem\u00e1s de abastecer a mercados mayoristas y minoristas con sustancias, helados de invierno, cuchuflis y muchos otros productos que elaboramos, entregando un abanico de productos a nuestros clientes con el fin de potenciar las ventas en sus locales comerciales.<\/p>\n<p>&nbsp;<\/p>\n<p><center>\r\n\t<a class=\"paoc-popup-click paoc-popup-cust-259 paoc-popup-simple_link paoc-popup-link\" href=\"javascript:void(0);\">Pol\u00edtica de Productora de Alimentos Ni\u00f1ito Ltda<\/a>\r\n\r\n<\/center><\/p>\n    <\/div>\n<\/div>\n<!-- \/module text -->\t        <\/div>\n\t    \t<\/div>\n\t\t    <\/div>\n\t    <!-- \/row_inner -->\n\t<\/div>\n\t<!-- \/module_row -->\n\t<\/div>\n<!--\/themify_builder_content-->","protected":false},"excerpt":{"rendered":"<p>Productora de Alimentos Ni\u00f1ito Ltda nace aproximadamente hace 40 a\u00f1os, en el a\u00f1o 1980, 2 personas que quer\u00edan lograr prosperidad y poder contribuir en el empleo de personas en esos a\u00f1os. La empresa estuvo en las manos de dicha pareja por mas de 15 a\u00f1os, hasta que, por fallecimiento de uno de sus fundadores, la [&hellip;]<\/p>\n","protected":false},"author":1,"featured_media":0,"parent":0,"menu_order":0,"comment_status":"closed","ping_status":"closed","template":"","meta":{"footnotes":""},"class_list":["post-255","page","type-page","status-publish","hentry","has-post-title","has-post-date","has-post-category","has-post-tag","has-post-comment","has-post-author",""],"builder_content":"<p>Productora de Alimentos Ni\u00f1ito Ltda nace aproximadamente hace 40 a\u00f1os, en el a\u00f1o 1980, 2 personas que quer\u00edan lograr prosperidad y poder contribuir en el empleo de personas en esos a\u00f1os.<\/p> <p>La empresa estuvo en las manos de dicha pareja por mas de 15 a\u00f1os, hasta que, por fallecimiento de uno de sus fundadores, la pareja se retira y vende la empresa, la cual es comprada por un empresario del sur de Chile, estuvo pocos a\u00f1os en la empresa, ya que por la lejan\u00eda para controlar la empresa, le impidi\u00f3 seguir en ella.<\/p> <p>En ese momento, a\u00f1o 2001, la empresa comienza a ser controlada por Don Luis Barahona y Don Carlos Espinoza, que siguen siendo sus due\u00f1os hasta el dia de hoy.<\/p> <p>Hoy dia, Productora de Alimentos Ni\u00f1ito Ltda, se ha posicionado en los mercados de Chile, siendo un apoyo para los nuevos emprendedores con sus productos estrella que son los conos para helado y vainas de cuchufli, en especial el cono econ\u00f3mico o primavera que se utiliza para la elaboraci\u00f3n de helados de invierno, siendo uno de los mayores productores de Santiago, adem\u00e1s de abastecer a mercados mayoristas y minoristas con sustancias, helados de invierno, cuchuflis y muchos otros productos que elaboramos, entregando un abanico de productos a nuestros clientes con el fin de potenciar las ventas en sus locales comerciales.<\/p> <p>&nbsp;<\/p> <p><center>[popup_anything id=\"259\"]<\/center><\/p>","_links":{"self":[{"href":"https:\/\/barquilloscarnaval.cl\/w\/wp-json\/wp\/v2\/pages\/255","targetHints":{"allow":["GET"]}}],"collection":[{"href":"https:\/\/barquilloscarnaval.cl\/w\/wp-json\/wp\/v2\/pages"}],"about":[{"href":"https:\/\/barquilloscarnaval.cl\/w\/wp-json\/wp\/v2\/types\/page"}],"author":[{"embeddable":true,"href":"https:\/\/barquilloscarnaval.cl\/w\/wp-json\/wp\/v2\/users\/1"}],"replies":[{"embeddable":true,"href":"https:\/\/barquilloscarnaval.cl\/w\/wp-json\/wp\/v2\/comments?post=255"}],"version-history":[{"count":4,"href":"https:\/\/barquilloscarnaval.cl\/w\/wp-json\/wp\/v2\/pages\/255\/revisions"}],"predecessor-version":[{"id":260,"href":"https:\/\/barquilloscarnaval.cl\/w\/wp-json\/wp\/v2\/pages\/255\/revisions\/260"}],"wp:attachment":[{"href":"https:\/\/barquilloscarnaval.cl\/w\/wp-json\/wp\/v2\/media?parent=255"}],"curies":[{"name":"wp","href":"https:\/\/api.w.org\/{rel}","templated":true}]}}