{"id":264,"date":"2021-09-04T03:56:00","date_gmt":"2021-09-04T03:56:00","guid":{"rendered":"https:\/\/barquilloscarnaval.cl\/w\/?page_id=264"},"modified":"2021-09-04T11:34:57","modified_gmt":"2021-09-04T11:34:57","slug":"contacto","status":"publish","type":"page","link":"https:\/\/barquilloscarnaval.cl\/w\/contacto\/","title":{"rendered":"Contacto"},"content":{"rendered":"<!--themify_builder_content-->\n<div id=\"themify_builder_content-264\" data-postid=\"264\" class=\"themify_builder_content themify_builder_content-264 themify_builder tf_clear\">\n    \t<!-- module_row -->\n\t<div  data-lazy=\"1\" class=\"module_row themify_builder_row tb_leq0149 tb_first tf_clearfix\">\n\t    \t\t<div class=\"row_inner col_align_top col-count-1 tf_box tf_w tf_rel\">\n\t\t\t<div  data-lazy=\"1\" class=\"module_column tb-column col-full first tb_co7s150 tf_box\">\n\t\t\t    \t        <div class=\"tb-column-inner tf_box tf_w\">\n\t\t    <!-- module text -->\n<div  class=\"module module-text tb_4w6z586   \" data-lazy=\"1\">\n        <div  class=\"tb_text_wrap\">\n    <p>Cont\u00e1ctese con nosotros y d\u00e9jenos saber lo que necesita o h\u00e1ganos sus consultas acerca de nuestros productos.<\/p>    <\/div>\n<\/div>\n<!-- \/module text -->\t        <\/div>\n\t    \t<\/div>\n\t\t    <\/div>\n\t    <!-- \/row_inner -->\n\t<\/div>\n\t<!-- \/module_row -->\n\t\t<!-- module_row -->\n\t<div  data-lazy=\"1\" class=\"module_row themify_builder_row tb_isd3569 tf_clearfix\">\n\t    \t\t<div class=\"row_inner col_align_top col-count-2 tf_box tf_w tf_rel\">\n\t\t\t<div  data-lazy=\"1\" class=\"module_column tb-column col2-1 first tb_qp99572 tf_box\">\n\t\t\t    \t        <div class=\"tb-column-inner tf_box tf_w\">\n\t\t    <!-- module plain text -->\n<div  class=\"module module-plain-text tb_5l1y78 \" data-lazy=\"1\">\n        <div class=\"tb_text_wrap\">\n\t<iframe src=\"https:\/\/www.google.com\/maps\/embed?pb=!1m18!1m12!1m3!1d3326.2387773310234!2d-70.65446968425107!3d-33.521177008532796!2m3!1f0!2f0!3f0!3m2!1i1024!2i768!4f13.1!3m3!1m2!1s0x9662daee1b1129c7%3A0x383e1f0bbf376801!2sSta.%20Clara%20633%2C%20La%20Cisterna%2C%20Regi%C3%B3n%20Metropolitana!5e0!3m2!1ses!2scl!4v1630727702748!5m2!1ses!2scl\" width=\"100%\" height=\"300\" style=\"border:0;\" allowfullscreen=\"\" loading=\"lazy\"><\/iframe>    <\/div>\n<\/div>\n<!-- \/module plain text -->\t        <\/div>\n\t    \t<\/div>\n\t\t<div  data-lazy=\"1\" class=\"module_column tb-column col2-1 last tb_semh572 tf_box\">\n\t\t\t    \t        <div class=\"tb-column-inner tf_box tf_w\">\n\t\t    <!-- module icon -->\n<div  class=\"module module-icon tb_kit2828  normal circle icon_horizontal \" data-lazy=\"1\">\n    \t    <div class=\"module-icon-item tf_inline_b\">\n\t\t\t\t\t\t\t\t\t\t\t\t\t\t\t\t\t<em class=\"ui tf_vmiddle tf_textc tf_box green\"><svg  aria-hidden=\"true\" class=\"tf_fa tf-far-map\"><use href=\"#tf-far-map\"><\/use><\/svg><\/em>\n\t\t\t\t\t\t\t\t\t\t\t\t                    \t\t\t\t\t<span class=\"tf_vmiddle\">&nbsp;&nbsp;&nbsp;&nbsp;&nbsp;Santa Clara 633, La Cisterna, Santiago<\/span>\n                                    \t\t\t\t    <\/div>\n\t<\/div>\n<!-- \/module icon -->\n<!-- module icon -->\n<div  class=\"module module-icon tb_3thl873  normal circle icon_horizontal \" data-lazy=\"1\">\n    \t    <div class=\"module-icon-item tf_inline_b\">\n\t\t\t\t\t\t\t\t\t\t\t\t\t\t\t\t\t<em class=\"ui tf_vmiddle tf_textc tf_box green\"><svg  aria-hidden=\"true\" class=\"tf_fa tf-fas-phone\"><use href=\"#tf-fas-phone\"><\/use><\/svg><\/em>\n\t\t\t\t\t\t\t\t\t\t\t\t                    \t\t\t\t\t<span class=\"tf_vmiddle\">&nbsp;&nbsp;&nbsp;&nbsp;&nbsp;+562 24192739&nbsp;&nbsp;&nbsp;&nbsp;&nbsp;+569 50004451<\/span>\n                                    \t\t\t\t    <\/div>\n\t<\/div>\n<!-- \/module icon -->\n<!-- module icon -->\n<div  class=\"module module-icon tb_pbnc701  normal circle icon_horizontal \" data-lazy=\"1\">\n    \t    <div class=\"module-icon-item tf_inline_b\">\n\t\t\t\t\t\t\t\t\t\t\t\t\t\t\t\t\t<em class=\"ui tf_vmiddle tf_textc tf_box green\"><svg  aria-hidden=\"true\" class=\"tf_fa tf-far-envelope\"><use href=\"#tf-far-envelope\"><\/use><\/svg><\/em>\n\t\t\t\t\t\t\t\t\t\t\t\t                    \t\t\t\t\t<span class=\"tf_vmiddle\">&nbsp;&nbsp;&nbsp;&nbsp;&nbsp;productora.carnaval@gmail.com<\/span>\n                                    \t\t\t\t    <\/div>\n\t<\/div>\n<!-- \/module icon -->\n\t        <\/div>\n\t    \t<\/div>\n\t\t    <\/div>\n\t    <!-- \/row_inner -->\n\t<\/div>\n\t<!-- \/module_row -->\n\t\t<!-- module_row -->\n\t<div  data-lazy=\"1\" class=\"module_row themify_builder_row tb_cxcw839 tf_clearfix\">\n\t    \t\t<div class=\"row_inner col_align_top col-count-1 tf_box tf_w tf_rel\">\n\t\t\t<div  data-lazy=\"1\" class=\"module_column tb-column col-full first tb_mr99840 tf_box\">\n\t\t\t    \t        <div class=\"tb-column-inner tf_box tf_w\">\n\t\t    <!-- module contact -->\n<div  id=\"tb_bxbl637\" class=\"module module-contact tb_bxbl637 contact-style2 \" data-lazy=\"1\">\n    \n\t<form action=\"https:\/\/barquilloscarnaval.cl\/w\/wp-admin\/admin-ajax.php\"\n\t\tclass=\"builder-contact\"\n\t\tid=\"tb_bxbl637-form\"\n\t\tmethod=\"post\"\n\t\tdata-post-id=\"264\"\n\t\tdata-element-id=\"bxbl637\"\n\t\tdata-orig-id=\"264\"\n\t>\n    <div class=\"contact-message\"><\/div>\n\t<div class=\"builder-contact-fields tf_rel\">\n\t\t    \t\t    <div class=\"builder-contact-field builder-contact-field-name builder-contact-text-field\">\n\t\t\t    <label class=\"control-label\" for=\"tb_bxbl637-contact-name\"><span class=\"tb-label-span\">Nombre <\/span><span class=\"required\">*<\/span><\/label>\n\t\t\t    <div class=\"control-input tf_rel\">\n\t\t\t\t    \t\t\t\t\t    <input type=\"text\" name=\"contact-name\" placeholder=\"\" id=\"tb_bxbl637-contact-name\" value=\"\" class=\"form-control\" required>\n\t\t\t\t    \t\t\t\t    \t\t\t    <\/div>\n\t\t<\/div>\n\t    \n\t\t    \t\t    <div class=\"builder-contact-field builder-contact-field-email builder-contact-text-field\">\n\t\t\t    <label class=\"control-label\" for=\"tb_bxbl637-contact-email\"><span class=\"tb-label-span\">Email <\/span><\/label>\n\t\t\t    <div class=\"control-input tf_rel\">\n\t\t\t\t    \t\t\t\t\t    <input type=\"text\" name=\"contact-email\" placeholder=\"\" id=\"tb_bxbl637-contact-email\" value=\"\" class=\"form-control\" >\n\t\t\t\t    \t\t\t\t    \t\t\t    <\/div>\n\t\t<\/div>\n\t    \n\t\t    \t\t    \t\t    <div class=\"builder-contact-field builder-contact-field-extra builder-contact-text-field\">\n\t\t\t\t<label class=\"control-label\" for=\"field_extra_tb_bxbl637_0\">\n\t\t\t\t\tTel\u00e9fono\t\t\t\t\t\t\t\t\t\t\t<input type=\"hidden\" name=\"field_extra_name_0\" value=\"Tel\u00e9fono\">\n\t\t\t\t\t\t\t\t\t<\/label>\n\t\t\t\t<div class=\"control-input tf_rel\">\n\t\t\t\t\t\t\t\t\t\t\t<input type=\"text\" name=\"field_extra_0\" id=\"field_extra_tb_bxbl637_0\" placeholder=\"\" class=\"form-control\">\n\t\t\t\t\t\n\t\t\t\t\t\t\t\t\t<\/div>\n\t\t    <\/div>\n\t    \n\t\t    \t\t    <div class=\"builder-contact-field builder-contact-field-subject builder-contact-text-field\">\n\t\t\t    <label class=\"control-label\" for=\"tb_bxbl637-contact-subject\"><span class=\"tb-label-span\">Asunto <\/span><span class=\"required\">*<\/span><\/label>\n\t\t\t    <div class=\"control-input tf_rel\">\n\t\t\t\t    \t\t\t\t\t    <input type=\"text\" name=\"contact-subject\" placeholder=\"\" id=\"tb_bxbl637-contact-subject\" value=\"\" class=\"form-control\" required>\n\t\t\t\t    \t\t\t\t    \t\t\t    <\/div>\n\t\t<\/div>\n\t    \n\t\t    \t\t    <div class=\"builder-contact-field builder-contact-field-message builder-contact-textarea-field\">\n\t\t\t    <label class=\"control-label\" for=\"tb_bxbl637-contact-message\"><span class=\"tb-label-span\">Mensaje <\/span><span class=\"required\">*<\/span><\/label>\n\t\t\t    <div class=\"control-input tf_rel\">\n\t\t\t\t    \t\t\t\t\t    <textarea name=\"contact-message\" placeholder=\"\" id=\"tb_bxbl637-contact-message\" class=\"form-control\" required><\/textarea>\n\t\t\t\t    \t\t\t\t    \t\t\t    <\/div>\n\t\t<\/div>\n\t    \n\t\t    \t\t<div class=\"builder-contact-field builder-contact-field-sendcopy\">\n\t\t    <div class=\"control-label\">\n\t\t\t\t<div class=\"control-input tf_rel\">\n\t\t\t\t\t<label class=\"send-copy\">\n\t\t\t\t\t\t<input type=\"checkbox\" name=\"contact-sendcopy\" id=\"tb_bxbl637-sendcopy\" value=\"1\">\n\t\t\t\t\t\t<span>Enviarme una copia<\/span>\n\t\t\t\t\t<\/label>\n\t\t\t\t<\/div>\n\t\t    <\/div>\n\t\t<\/div>\n\t    \n\t\t\n\t\t\n\t    \t    <div class=\"builder-contact-field builder-contact-field-send control-input tf_textl tf_clear tf_rel\">\n\t\t\t<button type=\"submit\" class=\"btn btn-primary\"><span class=\"tf_loader\"><\/span>Enviar<\/button>\n\t    <\/div>\n\t<\/div>\n    <\/form>\n\n    <\/div>\n<!-- \/module contact -->\n\t        <\/div>\n\t    \t<\/div>\n\t\t    <\/div>\n\t    <!-- \/row_inner -->\n\t<\/div>\n\t<!-- \/module_row -->\n\t<\/div>\n<!--\/themify_builder_content-->","protected":false},"excerpt":{"rendered":"<p>Cont\u00e1ctese con nosotros y d\u00e9jenos saber lo que necesita o h\u00e1ganos sus consultas acerca de nuestros productos. &nbsp;&nbsp;&nbsp;&nbsp;&nbsp;Santa Clara 633, La Cisterna, Santiago &nbsp;&nbsp;&nbsp;&nbsp;&nbsp;+562 24192739&nbsp;&nbsp;&nbsp;&nbsp;&nbsp;+569 50004451 &nbsp;&nbsp;&nbsp;&nbsp;&nbsp;productora.carnaval@gmail.com Nombre * Email Tel\u00e9fono Asunto * Mensaje * Enviarme una copia Enviar<\/p>\n","protected":false},"author":1,"featured_media":0,"parent":0,"menu_order":0,"comment_status":"closed","ping_status":"closed","template":"","meta":{"footnotes":""},"class_list":["post-264","page","type-page","status-publish","hentry","has-post-title","has-post-date","has-post-category","has-post-tag","has-post-comment","has-post-author",""],"builder_content":"<p>Cont\u00e1ctese con nosotros y d\u00e9jenos saber lo que necesita o h\u00e1ganos sus consultas acerca de nuestros productos.<\/p>\n<iframe src=\"https:\/\/www.google.com\/maps\/embed?pb=!1m18!1m12!1m3!1d3326.2387773310234!2d-70.65446968425107!3d-33.521177008532796!2m3!1f0!2f0!3f0!3m2!1i1024!2i768!4f13.1!3m3!1m2!1s0x9662daee1b1129c7%3A0x383e1f0bbf376801!2sSta.%20Clara%20633%2C%20La%20Cisterna%2C%20Regi%C3%B3n%20Metropolitana!5e0!3m2!1ses!2scl!4v1630727702748!5m2!1ses!2scl\" width=\"100%\" height=\"300\" style=\"border:0;\" allowfullscreen=\"\" loading=\"lazy\"><\/iframe>\n<em><svg aria-hidden=\"true\"><use href=\"#tf-far-map\"><\/use><\/svg><\/em> &nbsp;&nbsp;&nbsp;&nbsp;&nbsp;Santa Clara 633, La Cisterna, Santiago\n<em><svg aria-hidden=\"true\"><use href=\"#tf-fas-phone\"><\/use><\/svg><\/em> &nbsp;&nbsp;&nbsp;&nbsp;&nbsp;+562 24192739&nbsp;&nbsp;&nbsp;&nbsp;&nbsp;+569 50004451\n<em><svg aria-hidden=\"true\"><use href=\"#tf-far-envelope\"><\/use><\/svg><\/em> &nbsp;&nbsp;&nbsp;&nbsp;&nbsp;productora.carnaval@gmail.com\n<form action=\"https:\/\/barquilloscarnaval.cl\/w\/wp-admin\/admin-ajax.php\" class=\"builder-contact\" id=\"tb_bxbl637-form\" method=\"post\" data-post-id=\"0\" data-element-id=\"bxbl637\" data-orig-id=\"264\" > <label for=\"tb_bxbl637-contact-name\">Nombre *<\/label> <input type=\"text\" name=\"contact-name\" placeholder=\"\" id=\"tb_bxbl637-contact-name\" value=\"\" required> <label for=\"tb_bxbl637-contact-email\">Email <\/label> <input type=\"text\" name=\"contact-email\" placeholder=\"\" id=\"tb_bxbl637-contact-email\" value=\"\" > <label for=\"field_extra_tb_bxbl637_0\"> Tel\u00e9fono <input type=\"hidden\" name=\"field_extra_name_0\" value=\"Tel\u00e9fono\"> <\/label> <input type=\"text\" name=\"field_extra_0\" id=\"field_extra_tb_bxbl637_0\" placeholder=\"\"> <label for=\"tb_bxbl637-contact-subject\">Asunto *<\/label> <input type=\"text\" name=\"contact-subject\" placeholder=\"\" id=\"tb_bxbl637-contact-subject\" value=\"\" required> <label for=\"tb_bxbl637-contact-message\">Mensaje *<\/label> <textarea name=\"contact-message\" placeholder=\"\" id=\"tb_bxbl637-contact-message\" required><\/textarea> <label> <input type=\"checkbox\" name=\"contact-sendcopy\" id=\"tb_bxbl637-sendcopy\" value=\"1\"> Enviarme una copia <\/label> <button type=\"submit\">Enviar<\/button> <\/form>","_links":{"self":[{"href":"https:\/\/barquilloscarnaval.cl\/w\/wp-json\/wp\/v2\/pages\/264","targetHints":{"allow":["GET"]}}],"collection":[{"href":"https:\/\/barquilloscarnaval.cl\/w\/wp-json\/wp\/v2\/pages"}],"about":[{"href":"https:\/\/barquilloscarnaval.cl\/w\/wp-json\/wp\/v2\/types\/page"}],"author":[{"embeddable":true,"href":"https:\/\/barquilloscarnaval.cl\/w\/wp-json\/wp\/v2\/users\/1"}],"replies":[{"embeddable":true,"href":"https:\/\/barquilloscarnaval.cl\/w\/wp-json\/wp\/v2\/comments?post=264"}],"version-history":[{"count":8,"href":"https:\/\/barquilloscarnaval.cl\/w\/wp-json\/wp\/v2\/pages\/264\/revisions"}],"predecessor-version":[{"id":273,"href":"https:\/\/barquilloscarnaval.cl\/w\/wp-json\/wp\/v2\/pages\/264\/revisions\/273"}],"wp:attachment":[{"href":"https:\/\/barquilloscarnaval.cl\/w\/wp-json\/wp\/v2\/media?parent=264"}],"curies":[{"name":"wp","href":"https:\/\/api.w.org\/{rel}","templated":true}]}}