{"id":379,"date":"2023-03-27T17:29:54","date_gmt":"2023-03-27T17:29:54","guid":{"rendered":"https:\/\/barquilloscarnaval.cl\/w\/?post_type=product&#038;p=379"},"modified":"2025-08-27T17:44:11","modified_gmt":"2025-08-27T17:44:11","slug":"cuchufli-banado","status":"publish","type":"product","link":"https:\/\/barquilloscarnaval.cl\/w\/producto\/cuchufli-banado\/","title":{"rendered":"cuchufli ba\u00f1ado"},"content":{"rendered":"<p>Cuf\u00ed ba\u00f1ado<\/p>\n<p>Blister x 20 u. <strong>$2.190<\/strong>.- Caja x 24 blister <strong>$52.560<\/strong>. Iva incluido.<\/p>\n<!--themify_builder_content-->\n<div id=\"themify_builder_content-379\" data-postid=\"379\" class=\"themify_builder_content themify_builder_content-379 themify_builder tf_clear\">\n    <\/div>\n<!--\/themify_builder_content-->\n","protected":false},"excerpt":{"rendered":"<p>Cuf\u00ed ba\u00f1ado Blister x 20 u. $2.190.- Caja x 24 blister $52.560. Iva incluido.<\/p>\n","protected":false},"featured_media":373,"comment_status":"open","ping_status":"closed","template":"","meta":[],"product_cat":[31],"product_tag":[],"class_list":["post-379","product","type-product","status-publish","has-post-thumbnail","hentry","product_cat-cuchuflies","has-post-title","has-post-date","has-post-category","has-post-tag","has-post-comment","has-post-author",""],"builder_content":"","_links":{"self":[{"href":"https:\/\/barquilloscarnaval.cl\/w\/wp-json\/wp\/v2\/product\/379","targetHints":{"allow":["GET"]}}],"collection":[{"href":"https:\/\/barquilloscarnaval.cl\/w\/wp-json\/wp\/v2\/product"}],"about":[{"href":"https:\/\/barquilloscarnaval.cl\/w\/wp-json\/wp\/v2\/types\/product"}],"replies":[{"embeddable":true,"href":"https:\/\/barquilloscarnaval.cl\/w\/wp-json\/wp\/v2\/comments?post=379"}],"wp:featuredmedia":[{"embeddable":true,"href":"https:\/\/barquilloscarnaval.cl\/w\/wp-json\/wp\/v2\/media\/373"}],"wp:attachment":[{"href":"https:\/\/barquilloscarnaval.cl\/w\/wp-json\/wp\/v2\/media?parent=379"}],"wp:term":[{"taxonomy":"product_cat","embeddable":true,"href":"https:\/\/barquilloscarnaval.cl\/w\/wp-json\/wp\/v2\/product_cat?post=379"},{"taxonomy":"product_tag","embeddable":true,"href":"https:\/\/barquilloscarnaval.cl\/w\/wp-json\/wp\/v2\/product_tag?post=379"}],"curies":[{"name":"wp","href":"https:\/\/api.w.org\/{rel}","templated":true}]}}